{"id":110,"date":"2020-01-23T18:57:49","date_gmt":"2020-01-23T17:57:49","guid":{"rendered":"http:\/\/www.patronat.eu\/?page_id=110"},"modified":"2024-01-04T19:45:02","modified_gmt":"2024-01-04T18:45:02","slug":"aktualnosci","status":"publish","type":"page","link":"http:\/\/www.patronat.eu\/index.php\/aktualnosci\/","title":{"rendered":"Aktualno\u015bci"},"content":{"rendered":"\n<div class=\"wp-block-image\"><figure class=\"aligncenter size-large\"><img loading=\"lazy\" width=\"724\" height=\"1024\" src=\"http:\/\/www.patronat.eu\/wp-content\/uploads\/2024\/01\/Konferencja_19_02_2023-724x1024.jpg\" alt=\"\" class=\"wp-image-811\" srcset=\"http:\/\/www.patronat.eu\/wp-content\/uploads\/2024\/01\/Konferencja_19_02_2023-724x1024.jpg 724w, http:\/\/www.patronat.eu\/wp-content\/uploads\/2024\/01\/Konferencja_19_02_2023-212x300.jpg 212w, http:\/\/www.patronat.eu\/wp-content\/uploads\/2024\/01\/Konferencja_19_02_2023-768x1086.jpg 768w, http:\/\/www.patronat.eu\/wp-content\/uploads\/2024\/01\/Konferencja_19_02_2023-1086x1536.jpg 1086w, http:\/\/www.patronat.eu\/wp-content\/uploads\/2024\/01\/Konferencja_19_02_2023-1448x2048.jpg 1448w, http:\/\/www.patronat.eu\/wp-content\/uploads\/2024\/01\/Konferencja_19_02_2023.jpg 1587w\" sizes=\"(max-width: 724px) 100vw, 724px\" \/><\/figure><\/div>\n\n\n\n<p>\ud83d\uddd3\ufe0f&nbsp;<strong>Termin:<\/strong>&nbsp;19 lutego 2024 r.<\/p>\n\n\n\n<p>\ud83d\udd58&nbsp;<strong>Godziny:<\/strong>&nbsp;9:00-15:00<\/p>\n\n\n\n<p>\ud83d\udccd&nbsp;<strong>Miejsce:<\/strong>&nbsp;Uniwersytet Kardyna\u0142a Stefana Wyszy\u0144skiego w Warszawie<\/p>\n\n\n\n<p>\ud83c\udf10&nbsp;<strong>Formu\u0142a hybrydowa:<\/strong>&nbsp;Uczestnictwo zar\u00f3wno osobi\u015bcie, jak i online poprzez kana\u0142 YouTube Uczelni.<\/p>\n\n\n\n<p>\ud83d\udcda\u00a0<strong>Temat:<\/strong>\u00a0&#8222;Spo\u0142eczna dzia\u0142alno\u015b\u0107 na rzecz wi\u0119\u017ani\u00f3w i ich rodzin&#8221;<\/p>\n\n\n\n<p><a href=\"https:\/\/wnp.uksw.edu.pl\/wydarzenia\/vi-miedzynarodowa-konferencja-naukowa-spoleczna-dzialalnosc-na-rzecz-wiezniow-i-ich-rodzin-19-02-2024-r\/\">https:\/\/wnp.uksw.edu.pl\/wydarzenia\/vi-miedzynarodowa-konferencja-naukowa-spoleczna-dzialalnosc-na-rzecz-wiezniow-i-ich-rodzin-19-02-2024-r\/<\/a><\/p>\n\n\n\n<hr class=\"wp-block-separator\"\/>\n\n\n\n<p>Mi\u0142o nam poinformowa\u0107, \u017ce od czerwca 2020 roku nasi podopieczni Stowarzyszenia dzi\u0119ki wsp\u00f3\u0142pracy otrzymuj\u0105 darowizny w formie \u017cywno\u015bci. Podzi\u0119kowania dla: Piekarni PUTKA oraz Jeronimo Martins Polska sklep &#8222;Biedronka&#8221; za wsp\u00f3\u0142prac\u0119 i \u017cyczliwo\u015b\u0107. Jest to nieodzowna pomoc w naszej dzia\u0142alno\u015bci charytatywnej za kt\u00f3ra jeste\u015bmy bardzo wdzi\u0119czni. <\/p>\n\n\n\n<figure class=\"wp-block-image size-large\"><img loading=\"lazy\" width=\"700\" height=\"184\" src=\"http:\/\/www.patronat.eu\/wp-content\/uploads\/2020\/08\/wspolpraca_putka_biedronka.jpg\" alt=\"\" class=\"wp-image-203\" srcset=\"http:\/\/www.patronat.eu\/wp-content\/uploads\/2020\/08\/wspolpraca_putka_biedronka.jpg 700w, http:\/\/www.patronat.eu\/wp-content\/uploads\/2020\/08\/wspolpraca_putka_biedronka-300x79.jpg 300w\" sizes=\"(max-width: 700px) 100vw, 700px\" \/><\/figure>\n","protected":false},"excerpt":{"rendered":"<p>\ud83d\uddd3\ufe0f&nbsp;Termin:&nbsp;19 lutego 2024 r. \ud83d\udd58&nbsp;Godziny:&nbsp;9:00-15:00 \ud83d\udccd&nbsp;Miejsce:&nbsp;Uniwersytet Kardyna\u0142a Stefana Wyszy\u0144skiego w Warszawie \ud83c\udf10&nbsp;Formu\u0142a hybrydowa:&nbsp;Uczestnictwo zar\u00f3wno osobi\u015bcie, jak i online poprzez kana\u0142 YouTube Uczelni. \ud83d\udcda\u00a0Temat:\u00a0&#8222;Spo\u0142eczna dzia\u0142alno\u015b\u0107 na rzecz wi\u0119\u017ani\u00f3w i ich rodzin&#8221; https:\/\/wnp.uksw.edu.pl\/wydarzenia\/vi-miedzynarodowa-konferencja-naukowa-spoleczna-dzialalnosc-na-rzecz-wiezniow-i-ich-rodzin-19-02-2024-r\/ Mi\u0142o nam poinformowa\u0107, \u017ce od czerwca 2020 roku nasi podopieczni Stowarzyszenia dzi\u0119ki wsp\u00f3\u0142pracy otrzymuj\u0105 darowizny w formie \u017cywno\u015bci. Podzi\u0119kowania dla: Piekarni PUTKA oraz Jeronimo<\/p>\n<p class=\"more-link\"><a href=\"http:\/\/www.patronat.eu\/index.php\/aktualnosci\/\" class=\"themebutton2\">Read More<\/a><\/p>\n","protected":false},"author":1,"featured_media":0,"parent":0,"menu_order":0,"comment_status":"closed","ping_status":"closed","template":"","meta":[],"_links":{"self":[{"href":"http:\/\/www.patronat.eu\/index.php\/wp-json\/wp\/v2\/pages\/110"}],"collection":[{"href":"http:\/\/www.patronat.eu\/index.php\/wp-json\/wp\/v2\/pages"}],"about":[{"href":"http:\/\/www.patronat.eu\/index.php\/wp-json\/wp\/v2\/types\/page"}],"author":[{"embeddable":true,"href":"http:\/\/www.patronat.eu\/index.php\/wp-json\/wp\/v2\/users\/1"}],"replies":[{"embeddable":true,"href":"http:\/\/www.patronat.eu\/index.php\/wp-json\/wp\/v2\/comments?post=110"}],"version-history":[{"count":36,"href":"http:\/\/www.patronat.eu\/index.php\/wp-json\/wp\/v2\/pages\/110\/revisions"}],"predecessor-version":[{"id":813,"href":"http:\/\/www.patronat.eu\/index.php\/wp-json\/wp\/v2\/pages\/110\/revisions\/813"}],"wp:attachment":[{"href":"http:\/\/www.patronat.eu\/index.php\/wp-json\/wp\/v2\/media?parent=110"}],"curies":[{"name":"wp","href":"https:\/\/api.w.org\/{rel}","templated":true}]}}