{"id":138,"date":"2020-01-24T10:27:44","date_gmt":"2020-01-24T09:27:44","guid":{"rendered":"http:\/\/www.patronat.eu\/?page_id=138"},"modified":"2023-04-10T11:12:20","modified_gmt":"2023-04-10T09:12:20","slug":"punkt-pomocy-doraznej","status":"publish","type":"page","link":"http:\/\/www.patronat.eu\/index.php\/punkt-pomocy-doraznej\/","title":{"rendered":"Punkt pomocy dora\u017anej"},"content":{"rendered":"\t\t<div data-elementor-type=\"wp-page\" data-elementor-id=\"138\" class=\"elementor elementor-138\">\n\t\t\t\t\t\t\t\t\t<section class=\"elementor-section elementor-top-section elementor-element elementor-element-4653222f animated-slow elementor-section-boxed elementor-section-height-default elementor-section-height-default elementor-invisible\" data-id=\"4653222f\" data-element_type=\"section\" data-settings=\"{&quot;animation&quot;:&quot;fadeIn&quot;,&quot;animation_delay&quot;:100}\">\n\t\t\t\t\t\t<div class=\"elementor-container elementor-column-gap-default\">\n\t\t\t\t\t<div class=\"elementor-column elementor-col-50 elementor-top-column elementor-element elementor-element-7a26046\" data-id=\"7a26046\" data-element_type=\"column\">\n\t\t\t<div class=\"elementor-widget-wrap elementor-element-populated\">\n\t\t\t\t\t\t\t\t<div class=\"elementor-element elementor-element-3e3893ac elementor-widget elementor-widget-text-editor\" data-id=\"3e3893ac\" data-element_type=\"widget\" data-widget_type=\"text-editor.default\">\n\t\t\t\t<div class=\"elementor-widget-container\">\n\t\t\t<style>\/*! elementor - v3.11.5 - 14-03-2023 *\/\n.elementor-widget-text-editor.elementor-drop-cap-view-stacked .elementor-drop-cap{background-color:#818a91;color:#fff}.elementor-widget-text-editor.elementor-drop-cap-view-framed .elementor-drop-cap{color:#818a91;border:3px solid;background-color:transparent}.elementor-widget-text-editor:not(.elementor-drop-cap-view-default) .elementor-drop-cap{margin-top:8px}.elementor-widget-text-editor:not(.elementor-drop-cap-view-default) .elementor-drop-cap-letter{width:1em;height:1em}.elementor-widget-text-editor .elementor-drop-cap{float:left;text-align:center;line-height:1;font-size:50px}.elementor-widget-text-editor .elementor-drop-cap-letter{display:inline-block}<\/style>\t\t\t\t<p><!-- wp:paragraph --><\/p>\n<p><strong>Punkt pomocy dora\u017anej:<\/strong><br \/>ul. Drw\u0119cka 14<br \/>04-393 Warszawa<br \/>email: <a href=\"mailto:koordynator.patronat@gmail.com\" target=\"_blank\" rel=\"noreferrer noopener\">koordynator.patronat@gmail.com<\/a><\/p>\n<p><!-- \/wp:paragraph --><\/p>\n<p><!-- wp:list --><\/p>\n<p><strong>GODZINY PRZYJ\u0118\u0106 INTERESANT\u00d3W:<\/strong><\/p>\n<p>Prosz\u0119 dzwoni\u0107 <br \/>tel. <strong>22 827 55 86<br \/><\/strong>celem ustalenia terminu spotkania<\/p>\n<p><!-- \/wp:paragraph --><\/p>\t\t\t\t\t\t<\/div>\n\t\t\t\t<\/div>\n\t\t\t\t\t<\/div>\n\t\t<\/div>\n\t\t\t\t<div class=\"elementor-column elementor-col-50 elementor-top-column elementor-element elementor-element-1efac8d\" data-id=\"1efac8d\" data-element_type=\"column\">\n\t\t\t<div class=\"elementor-widget-wrap elementor-element-populated\">\n\t\t\t\t\t\t\t\t<div class=\"elementor-element elementor-element-5eab8cb animated-slow elementor-invisible elementor-widget elementor-widget-image\" data-id=\"5eab8cb\" data-element_type=\"widget\" data-settings=\"{&quot;_animation&quot;:&quot;fadeInRight&quot;,&quot;_animation_delay&quot;:500}\" data-widget_type=\"image.default\">\n\t\t\t\t<div class=\"elementor-widget-container\">\n\t\t\t<style>\/*! elementor - v3.11.5 - 14-03-2023 *\/\n.elementor-widget-image{text-align:center}.elementor-widget-image a{display:inline-block}.elementor-widget-image a img[src$=\".svg\"]{width:48px}.elementor-widget-image img{vertical-align:middle;display:inline-block}<\/style>\t\t\t\t\t\t\t\t\t\t\t\t<img width=\"300\" height=\"300\" src=\"http:\/\/www.patronat.eu\/wp-content\/uploads\/2023\/04\/ikony_patronat_oferta_11-300x300.png\" class=\"attachment-medium size-medium wp-image-605\" alt=\"\" loading=\"lazy\" srcset=\"http:\/\/www.patronat.eu\/wp-content\/uploads\/2023\/04\/ikony_patronat_oferta_11-300x300.png 300w, http:\/\/www.patronat.eu\/wp-content\/uploads\/2023\/04\/ikony_patronat_oferta_11-150x150.png 150w, http:\/\/www.patronat.eu\/wp-content\/uploads\/2023\/04\/ikony_patronat_oferta_11.png 500w\" sizes=\"(max-width: 300px) 100vw, 300px\" \/>\t\t\t\t\t\t\t\t\t\t\t\t\t\t\t<\/div>\n\t\t\t\t<\/div>\n\t\t\t\t\t<\/div>\n\t\t<\/div>\n\t\t\t\t\t\t\t<\/div>\n\t\t<\/section>\n\t\t\t\t<section class=\"elementor-section elementor-top-section elementor-element elementor-element-c2868aa animated-slow elementor-section-boxed elementor-section-height-default elementor-section-height-default elementor-invisible\" data-id=\"c2868aa\" data-element_type=\"section\" data-settings=\"{&quot;animation&quot;:&quot;fadeIn&quot;,&quot;animation_delay&quot;:200}\">\n\t\t\t\t\t\t<div class=\"elementor-container elementor-column-gap-default\">\n\t\t\t\t\t<div class=\"elementor-column elementor-col-100 elementor-top-column elementor-element elementor-element-92ac7a1\" data-id=\"92ac7a1\" data-element_type=\"column\">\n\t\t\t<div class=\"elementor-widget-wrap elementor-element-populated\">\n\t\t\t\t\t\t\t\t<div class=\"elementor-element elementor-element-203cfb6 elementor-widget elementor-widget-text-editor\" data-id=\"203cfb6\" data-element_type=\"widget\" data-widget_type=\"text-editor.default\">\n\t\t\t\t<div class=\"elementor-widget-container\">\n\t\t\t\t\t\t\t<p><!-- wp:paragraph --><\/p>\n<ul>\n<li>udzielanie informacji o instytucjach i organizacjach pozarz\u0105dowych<\/li>\n<li>wspieraj\u0105ce osoby znajduj\u0105ce si\u0119 w trudnej sytuacji \u017cyciowej tj opuszczaj\u0105cych jednostki penitencjarne, z orzeczonym dozorem kuratora s\u0105dowego oraz rodzin tych os\u00f3b<\/li>\n<li><strong>poradnictwo prawne ( porady z zakresu prawa karnego i cywilnego)<\/strong><\/li>\n<li><strong>pomoc w rozwi\u0105zywaniu konflikt\u00f3w rodzinnych przy pomocy mediacji <\/strong><\/li>\n<li>poradnictwo obywatelskie (pomoc w poszukiwaniu pracy, odtworzeniu dokument\u00f3w to\u017csamo\u015bci, wype\u0142nianiu wniosk\u00f3w urz\u0119dowych itp.)<\/li>\n<li>udzielanie pomocy rzeczowej \u2013 w uzasadnionych przypadkach, po uprzednim przeprowadzeniu wywiadu<\/li>\n<\/ul>\n<p><!-- \/wp:list --><\/p>\n<p><!-- wp:paragraph --><\/p>\n<p>Przyjmujemy osoby z aktualnym (do sze\u015bciu miesi\u0119cy po opuszczeniu jednostki) \u015bwiadectwem zwolnienia, za\u015bwiadczeniem od kuratora s\u0105dowego. W<br \/>przypadku rodzin os\u00f3b osadzonych wymagane jest za\u015bwiadczenie z jednostki penitencjarnej.<\/p>\n<p><!-- \/wp:paragraph --><\/p>\n<p><!-- wp:paragraph --><\/p>\n<p><!-- \/wp:paragraph --><\/p>\t\t\t\t\t\t<\/div>\n\t\t\t\t<\/div>\n\t\t\t\t\t<\/div>\n\t\t<\/div>\n\t\t\t\t\t\t\t<\/div>\n\t\t<\/section>\n\t\t\t\t\t\t\t<\/div>\n\t\t","protected":false},"excerpt":{"rendered":"<p>Punkt pomocy dora\u017anej:ul. Drw\u0119cka 1404-393 Warszawaemail: koordynator.patronat@gmail.com GODZINY PRZYJ\u0118\u0106 INTERESANT\u00d3W: Prosz\u0119 dzwoni\u0107 tel. 22 827 55 86celem ustalenia terminu spotkania udzielanie informacji o instytucjach i organizacjach pozarz\u0105dowych wspieraj\u0105ce osoby znajduj\u0105ce si\u0119 w trudnej sytuacji \u017cyciowej tj opuszczaj\u0105cych jednostki penitencjarne, z orzeczonym dozorem kuratora s\u0105dowego oraz rodzin tych os\u00f3b poradnictwo prawne ( porady z zakresu prawa<\/p>\n<p class=\"more-link\"><a href=\"http:\/\/www.patronat.eu\/index.php\/punkt-pomocy-doraznej\/\" class=\"themebutton2\">Read More<\/a><\/p>\n","protected":false},"author":1,"featured_media":0,"parent":0,"menu_order":0,"comment_status":"closed","ping_status":"closed","template":"","meta":[],"_links":{"self":[{"href":"http:\/\/www.patronat.eu\/index.php\/wp-json\/wp\/v2\/pages\/138"}],"collection":[{"href":"http:\/\/www.patronat.eu\/index.php\/wp-json\/wp\/v2\/pages"}],"about":[{"href":"http:\/\/www.patronat.eu\/index.php\/wp-json\/wp\/v2\/types\/page"}],"author":[{"embeddable":true,"href":"http:\/\/www.patronat.eu\/index.php\/wp-json\/wp\/v2\/users\/1"}],"replies":[{"embeddable":true,"href":"http:\/\/www.patronat.eu\/index.php\/wp-json\/wp\/v2\/comments?post=138"}],"version-history":[{"count":15,"href":"http:\/\/www.patronat.eu\/index.php\/wp-json\/wp\/v2\/pages\/138\/revisions"}],"predecessor-version":[{"id":639,"href":"http:\/\/www.patronat.eu\/index.php\/wp-json\/wp\/v2\/pages\/138\/revisions\/639"}],"wp:attachment":[{"href":"http:\/\/www.patronat.eu\/index.php\/wp-json\/wp\/v2\/media?parent=138"}],"curies":[{"name":"wp","href":"https:\/\/api.w.org\/{rel}","templated":true}]}}