{"id":331,"date":"2023-03-19T08:22:42","date_gmt":"2023-03-19T07:22:42","guid":{"rendered":"http:\/\/www.patronat.eu\/?page_id=331"},"modified":"2024-01-05T07:06:13","modified_gmt":"2024-01-05T06:06:13","slug":"konferencje","status":"publish","type":"page","link":"http:\/\/www.patronat.eu\/index.php\/konferencje\/","title":{"rendered":"Konferencje"},"content":{"rendered":"\n<figure class=\"wp-block-embed aligncenter is-type-wp-embed is-provider-wydzial-nauk-pedagogicznych wp-block-embed-wydzial-nauk-pedagogicznych\"><div class=\"wp-block-embed__wrapper\">\n<blockquote class=\"wp-embedded-content\" data-secret=\"MOxXQ8uw3u\"><a href=\"https:\/\/wnp.uksw.edu.pl\/wydarzenia\/vi-miedzynarodowa-konferencja-naukowa-spoleczna-dzialalnosc-na-rzecz-wiezniow-i-ich-rodzin-19-02-2024-r\/\">VI Mi\u0119dzynarodowa Konferencja Naukowa &#8222;Spo\u0142eczna dzia\u0142alno\u015b\u0107 na rzecz wi\u0119\u017ani\u00f3w i ich rodzin&#8221; &#8211; 19.02.2024 r.<\/a><\/blockquote><iframe class=\"wp-embedded-content\" sandbox=\"allow-scripts\" security=\"restricted\" style=\"position: absolute; clip: rect(1px, 1px, 1px, 1px);\" title=\"&#8222;VI Mi\u0119dzynarodowa Konferencja Naukowa &#8222;Spo\u0142eczna dzia\u0142alno\u015b\u0107 na rzecz wi\u0119\u017ani\u00f3w i ich rodzin&#8221; &#8211; 19.02.2024 r.&#8221; &#8212; Wydzia\u0142 Nauk Pedagogicznych\" src=\"https:\/\/wnp.uksw.edu.pl\/wydarzenia\/vi-miedzynarodowa-konferencja-naukowa-spoleczna-dzialalnosc-na-rzecz-wiezniow-i-ich-rodzin-19-02-2024-r\/embed\/#?secret=8VT3dCEk4J#?secret=MOxXQ8uw3u\" data-secret=\"MOxXQ8uw3u\" width=\"600\" height=\"338\" frameborder=\"0\" marginwidth=\"0\" marginheight=\"0\" scrolling=\"no\"><\/iframe>\n<\/div><figcaption><a href=\"https:\/\/wnp.uksw.edu.pl\/wydarzenia\/vi-miedzynarodowa-konferencja-naukowa-spoleczna-dzialalnosc-na-rzecz-wiezniow-i-ich-rodzin-19-02-2024-r\/\" target=\"_blank\" rel=\"noreferrer noopener\">https:\/\/wnp.uksw.edu.pl\/wydarzenia\/vi-miedzynarodowa-konferencja-naukowa-spoleczna-dzialalnosc-na-rzecz-wiezniow-i-ich-rodzin-19-02-2024-r\/<\/a><\/figcaption><\/figure>\n\n\n\n<hr class=\"wp-block-separator\"\/>\n\n\n\n<div class=\"wp-block-image\"><figure class=\"aligncenter size-large\"><a href=\"http:\/\/www.patronat.eu\/index.php\/aktualnosci\/patronat_konferencja_2023_big\/#main\"><img loading=\"lazy\" width=\"659\" height=\"789\" src=\"http:\/\/www.patronat.eu\/wp-content\/uploads\/2023\/02\/patronat_konferencja_2023_big.jpg\" alt=\"\" class=\"wp-image-286\" srcset=\"http:\/\/www.patronat.eu\/wp-content\/uploads\/2023\/02\/patronat_konferencja_2023_big.jpg 659w, http:\/\/www.patronat.eu\/wp-content\/uploads\/2023\/02\/patronat_konferencja_2023_big-251x300.jpg 251w\" sizes=\"(max-width: 659px) 100vw, 659px\" \/><\/a><figcaption><a href=\"http:\/\/www.patronat.eu\/zasoby\/konferencja_20_02_2023.pdf\" target=\"_blank\" rel=\"noreferrer noopener\">Program V Jubileuszowej Mi\u0119dzynarodowej Konferencji Naukowej (PDF)<\/a><br><strong>Szczeg\u00f3\u0142owe informacje:<\/strong> <a rel=\"noreferrer noopener\" href=\"https:\/\/uksw.edu.pl\/wydarzenia\/v-jubileuszowa-miedzynarodowa-konferencja-naukowa-spoleczna-dzialalnosc-na-rzecz-wiezniow-i-ich-rodzin\/\" target=\"_blank\">na stronie internetowej organizatora konkursu (kliknij i sprawd\u017a)<\/a><br>Serdecznie zapraszamy!<\/figcaption><\/figure><\/div>\n\n\n\n<hr class=\"wp-block-separator\"\/>\n\n\n\n<div class=\"wp-block-image\"><figure class=\"aligncenter size-large\"><img loading=\"lazy\" width=\"724\" height=\"1024\" src=\"http:\/\/www.patronat.eu\/wp-content\/uploads\/2022\/06\/konkurs_kreatywne_ja_d-1-724x1024.jpg\" alt=\"\" class=\"wp-image-279\" srcset=\"http:\/\/www.patronat.eu\/wp-content\/uploads\/2022\/06\/konkurs_kreatywne_ja_d-1-724x1024.jpg 724w, http:\/\/www.patronat.eu\/wp-content\/uploads\/2022\/06\/konkurs_kreatywne_ja_d-1-212x300.jpg 212w, http:\/\/www.patronat.eu\/wp-content\/uploads\/2022\/06\/konkurs_kreatywne_ja_d-1-768x1086.jpg 768w, http:\/\/www.patronat.eu\/wp-content\/uploads\/2022\/06\/konkurs_kreatywne_ja_d-1.jpg 800w\" sizes=\"(max-width: 724px) 100vw, 724px\" \/><figcaption><strong>Serdecznie zapraszamy do udzia\u0142u!<\/strong><\/figcaption><\/figure><\/div>\n\n\n\n<hr class=\"wp-block-separator\"\/>\n\n\n\n<p><strong>Informacja z dnia: 06.02.2022<\/strong><\/p>\n\n\n\n<p class=\"has-text-align-center\"><strong>IV Mi\u0119dzynarodowa Konferencja Naukowa<\/strong><br><strong>\u201cSpo\u0142eczna dzia\u0142alno\u015b\u0107 na rzecz wi\u0119\u017ani\u00f3w i ich rodzin\u201d <\/strong><br><strong>21.02.2022 r.<\/strong><\/p>\n\n\n\n<div class=\"wp-block-image\"><figure class=\"aligncenter size-large is-resized\"><img loading=\"lazy\" src=\"http:\/\/www.patronat.eu\/wp-content\/uploads\/2022\/02\/konferencja_2022_big.png\" alt=\"\" class=\"wp-image-267\" width=\"598\" height=\"845\" srcset=\"http:\/\/www.patronat.eu\/wp-content\/uploads\/2022\/02\/konferencja_2022_big.png 541w, http:\/\/www.patronat.eu\/wp-content\/uploads\/2022\/02\/konferencja_2022_big-212x300.png 212w\" sizes=\"(max-width: 598px) 100vw, 598px\" \/><\/figure><\/div>\n\n\n\n<p><strong>Szczeg\u00f3\u0142owe informacje:<\/strong> <a href=\"https:\/\/pedagogika.uksw.edu.pl\/?p=9095\" target=\"_blank\" rel=\"noreferrer noopener\">na stronie internetowej organizatora konkursu (kliknij i sprawd\u017a)<\/a><br>Serdecznie zapraszamy!<\/p>\n\n\n\n<hr class=\"wp-block-separator\"\/>\n\n\n\n<p class=\"has-text-align-center\"><strong>Sympozium naukowe: <\/strong><br><strong>RESOCJALIZACJA W PRAKTYCE &#8211; AUTORSKIE PROJEKTY ODDZIA\u0141YWA\u0143 <\/strong><br><strong>Jest nadzieja dla wszystkich <\/strong><br><strong>6 grudnia 2021<\/strong><\/p>\n\n\n\n<div class=\"wp-block-image\"><figure class=\"aligncenter size-full\"><img loading=\"lazy\" width=\"672\" height=\"946\" src=\"http:\/\/www.patronat.eu\/wp-content\/uploads\/2021\/08\/sympozjum_2021.png\" alt=\"\" class=\"wp-image-264\" srcset=\"http:\/\/www.patronat.eu\/wp-content\/uploads\/2021\/08\/sympozjum_2021.png 672w, http:\/\/www.patronat.eu\/wp-content\/uploads\/2021\/08\/sympozjum_2021-213x300.png 213w\" sizes=\"(max-width: 672px) 100vw, 672px\" \/><\/figure><\/div>\n\n\n\n<p><br><strong>Szczeg\u00f3\u0142owe informacje:<\/strong> <a rel=\"noreferrer noopener\" href=\"https:\/\/pedagogika.uksw.edu.pl\/?page_id=7078\" data-type=\"URL\" data-id=\"https:\/\/pedagogika.uksw.edu.pl\/?page_id=7078\" target=\"_blank\">na stronie internetowej organizatora konkursu (kliknij i sprawd\u017a)<\/a><br>Serdecznie zapraszamy!<\/p>\n\n\n\n<hr class=\"wp-block-separator\"\/>\n\n\n\n<p><strong>Informacja z dnia: 26.03.2021<\/strong><\/p>\n\n\n\n<p class=\"has-text-align-center\"><strong>Og\u00f3lnopolski&nbsp; Konkurs<\/strong> <br><strong>\u201eKardyna\u0142 Stefan Wyszy\u0144ski \u2013 Prymas Tysi\u0105clecia\u201d<\/strong><\/p>\n\n\n\n<div class=\"wp-block-image\"><figure class=\"aligncenter size-full\"><img loading=\"lazy\" width=\"900\" height=\"1277\" src=\"http:\/\/www.patronat.eu\/wp-content\/uploads\/2021\/03\/konkurs_wyszynski_2021_big.jpg\" alt=\"\" class=\"wp-image-239\" srcset=\"http:\/\/www.patronat.eu\/wp-content\/uploads\/2021\/03\/konkurs_wyszynski_2021_big.jpg 900w, http:\/\/www.patronat.eu\/wp-content\/uploads\/2021\/03\/konkurs_wyszynski_2021_big-211x300.jpg 211w, http:\/\/www.patronat.eu\/wp-content\/uploads\/2021\/03\/konkurs_wyszynski_2021_big-722x1024.jpg 722w, http:\/\/www.patronat.eu\/wp-content\/uploads\/2021\/03\/konkurs_wyszynski_2021_big-768x1090.jpg 768w\" sizes=\"(max-width: 900px) 100vw, 900px\" \/><\/figure><\/div>\n\n\n\n<p><strong>Regulamin konkursu:<\/strong> <a rel=\"noreferrer noopener\" href=\"http:\/\/www.patronat.eu\/wp-content\/uploads\/2021\/03\/konkurs_wyszynski_regulamin_2021.pdf\" target=\"_blank\">Kliknij i pobierz w formacie PDF<\/a><br><strong>Szczeg\u00f3\u0142owe informacje:<\/strong> <a href=\"https:\/\/pedagogika.uksw.edu.pl\/node\/2358\" data-type=\"URL\" data-id=\"https:\/\/pedagogika.uksw.edu.pl\/node\/2358\" target=\"_blank\" rel=\"noreferrer noopener\">na stronie internetowej organizatora konkursu (kliknij i sprawd\u017a)<\/a><br>Serdecznie zapraszamy do wzi\u0119cia udzia\u0142u!<\/p>\n\n\n\n<hr class=\"wp-block-separator\"\/>\n\n\n\n<p><strong>Informacja z dnia: 09.02.2021<\/strong><\/p>\n\n\n\n<div class=\"wp-block-image\"><figure class=\"aligncenter size-large\"><img loading=\"lazy\" width=\"724\" height=\"1024\" src=\"http:\/\/www.patronat.eu\/wp-content\/uploads\/2020\/12\/patronat_konferencja2-1-724x1024.jpg\" alt=\"\" class=\"wp-image-213\" srcset=\"http:\/\/www.patronat.eu\/wp-content\/uploads\/2020\/12\/patronat_konferencja2-1-724x1024.jpg 724w, http:\/\/www.patronat.eu\/wp-content\/uploads\/2020\/12\/patronat_konferencja2-1-212x300.jpg 212w, http:\/\/www.patronat.eu\/wp-content\/uploads\/2020\/12\/patronat_konferencja2-1-768x1086.jpg 768w, http:\/\/www.patronat.eu\/wp-content\/uploads\/2020\/12\/patronat_konferencja2-1.jpg 900w\" sizes=\"(max-width: 724px) 100vw, 724px\" \/><\/figure><\/div>\n\n\n\n<p><\/p>\n","protected":false},"excerpt":{"rendered":"<p>Informacja z dnia: 06.02.2022 IV Mi\u0119dzynarodowa Konferencja Naukowa\u201cSpo\u0142eczna dzia\u0142alno\u015b\u0107 na rzecz wi\u0119\u017ani\u00f3w i ich rodzin\u201d 21.02.2022 r. Szczeg\u00f3\u0142owe informacje: na stronie internetowej organizatora konkursu (kliknij i sprawd\u017a)Serdecznie zapraszamy! Sympozium naukowe: RESOCJALIZACJA W PRAKTYCE &#8211; AUTORSKIE PROJEKTY ODDZIA\u0141YWA\u0143 Jest nadzieja dla wszystkich 6 grudnia 2021 Szczeg\u00f3\u0142owe informacje: na stronie internetowej organizatora konkursu (kliknij i sprawd\u017a)Serdecznie zapraszamy!<\/p>\n<p class=\"more-link\"><a href=\"http:\/\/www.patronat.eu\/index.php\/konferencje\/\" class=\"themebutton2\">Read More<\/a><\/p>\n","protected":false},"author":1,"featured_media":0,"parent":0,"menu_order":0,"comment_status":"closed","ping_status":"closed","template":"","meta":[],"_links":{"self":[{"href":"http:\/\/www.patronat.eu\/index.php\/wp-json\/wp\/v2\/pages\/331"}],"collection":[{"href":"http:\/\/www.patronat.eu\/index.php\/wp-json\/wp\/v2\/pages"}],"about":[{"href":"http:\/\/www.patronat.eu\/index.php\/wp-json\/wp\/v2\/types\/page"}],"author":[{"embeddable":true,"href":"http:\/\/www.patronat.eu\/index.php\/wp-json\/wp\/v2\/users\/1"}],"replies":[{"embeddable":true,"href":"http:\/\/www.patronat.eu\/index.php\/wp-json\/wp\/v2\/comments?post=331"}],"version-history":[{"count":6,"href":"http:\/\/www.patronat.eu\/index.php\/wp-json\/wp\/v2\/pages\/331\/revisions"}],"predecessor-version":[{"id":832,"href":"http:\/\/www.patronat.eu\/index.php\/wp-json\/wp\/v2\/pages\/331\/revisions\/832"}],"wp:attachment":[{"href":"http:\/\/www.patronat.eu\/index.php\/wp-json\/wp\/v2\/media?parent=331"}],"curies":[{"name":"wp","href":"https:\/\/api.w.org\/{rel}","templated":true}]}}